{"id":5153,"date":"2020-09-09T12:19:45","date_gmt":"2020-09-09T10:19:45","guid":{"rendered":"https:\/\/venturafloristes.com\/?page_id=5153"},"modified":"2023-01-31T13:24:44","modified_gmt":"2023-01-31T12:24:44","slug":"contacto","status":"publish","type":"page","link":"https:\/\/venturafloristes.com\/es\/contacto\/","title":{"rendered":"Contacto"},"content":{"rendered":"\t\t<div data-elementor-type=\"wp-post\" data-elementor-id=\"5153\" class=\"elementor elementor-5153 elementor-18\" data-elementor-post-type=\"page\">\n\t\t\t\t\t\t<section class=\"elementor-section elementor-top-section elementor-element elementor-element-2119cc9 elementor-section-full_width elementor-section-height-default elementor-section-height-default\" data-id=\"2119cc9\" data-element_type=\"section\" data-e-type=\"section\">\n\t\t\t\t\t\t<div class=\"elementor-container elementor-column-gap-no\">\n\t\t\t\t\t<div class=\"elementor-column elementor-col-100 elementor-top-column elementor-element elementor-element-6c8fb7f\" data-id=\"6c8fb7f\" data-element_type=\"column\" data-e-type=\"column\">\n\t\t\t<div class=\"elementor-widget-wrap elementor-element-populated\">\n\t\t\t\t\t\t<div class=\"elementor-element elementor-element-57c1523 elementor-widget elementor-widget-google_maps\" data-id=\"57c1523\" data-element_type=\"widget\" data-e-type=\"widget\" data-widget_type=\"google_maps.default\">\n\t\t\t\t<div class=\"elementor-widget-container\">\n\t\t\t\t\t\t\t<div class=\"elementor-custom-embed\">\n\t\t\t<iframe loading=\"lazy\"\n\t\t\t\t\tsrc=\"https:\/\/maps.google.com\/maps?q=Floristeria%20ventura%20Av.%20del%20President%20Companys%2C%208%2C%2008911%20Badalona%2C%20Barcelona&#038;t=m&#038;z=16&#038;output=embed&#038;iwloc=near\"\n\t\t\t\t\ttitle=\"Floristeria ventura Av. del President Companys, 8, 08911 Badalona, Barcelona\"\n\t\t\t\t\taria-label=\"Floristeria ventura Av. del President Companys, 8, 08911 Badalona, Barcelona\"\n\t\t\t><\/iframe>\n\t\t<\/div>\n\t\t\t\t\t\t<\/div>\n\t\t\t\t<\/div>\n\t\t\t\t\t<\/div>\n\t\t<\/div>\n\t\t\t\t\t<\/div>\n\t\t<\/section>\n\t\t\t\t<section class=\"elementor-section elementor-top-section elementor-element elementor-element-6658eb05 elementor-section-content-middle elementor-section-boxed elementor-section-height-default elementor-section-height-default\" data-id=\"6658eb05\" data-element_type=\"section\" data-e-type=\"section\">\n\t\t\t\t\t\t<div class=\"elementor-container elementor-column-gap-no\">\n\t\t\t\t\t<div class=\"elementor-column elementor-col-100 elementor-top-column elementor-element elementor-element-4c70a9f7\" data-id=\"4c70a9f7\" data-element_type=\"column\" data-e-type=\"column\">\n\t\t\t<div class=\"elementor-widget-wrap elementor-element-populated\">\n\t\t\t\t\t\t<div class=\"elementor-element elementor-element-1b2cca40 elementor-widget elementor-widget-heading\" data-id=\"1b2cca40\" data-element_type=\"widget\" data-e-type=\"widget\" data-widget_type=\"heading.default\">\n\t\t\t\t<div class=\"elementor-widget-container\">\n\t\t\t\t\t<h1 class=\"elementor-heading-title elementor-size-default\">Contacta con nosotros<\/h1>\t\t\t\t<\/div>\n\t\t\t\t<\/div>\n\t\t\t\t<section class=\"elementor-section elementor-inner-section elementor-element elementor-element-6fd03cf9 elementor-section-content-top elementor-section-boxed elementor-section-height-default elementor-section-height-default\" data-id=\"6fd03cf9\" data-element_type=\"section\" data-e-type=\"section\">\n\t\t\t\t\t\t<div class=\"elementor-container elementor-column-gap-no\">\n\t\t\t\t\t<div class=\"elementor-column elementor-col-50 elementor-inner-column elementor-element elementor-element-5a2d5b75\" data-id=\"5a2d5b75\" data-element_type=\"column\" data-e-type=\"column\">\n\t\t\t<div class=\"elementor-widget-wrap elementor-element-populated\">\n\t\t\t\t\t\t<div class=\"elementor-element elementor-element-625deb02 elementor-button-align-end elementor-mobile-button-align-center elementor-widget elementor-widget-form\" data-id=\"625deb02\" data-element_type=\"widget\" data-e-type=\"widget\" data-settings=\"{&quot;step_next_label&quot;:&quot;Next&quot;,&quot;step_previous_label&quot;:&quot;Previous&quot;,&quot;button_width&quot;:&quot;100&quot;,&quot;step_type&quot;:&quot;number_text&quot;,&quot;step_icon_shape&quot;:&quot;circle&quot;}\" data-widget_type=\"form.default\">\n\t\t\t\t<div class=\"elementor-widget-container\">\n\t\t\t\t\t\t\t<form class=\"elementor-form\" method=\"post\" name=\"New Form\" aria-label=\"New Form\">\n\t\t\t<input type=\"hidden\" name=\"post_id\" value=\"5153\"\/>\n\t\t\t<input type=\"hidden\" name=\"form_id\" value=\"625deb02\"\/>\n\t\t\t<input type=\"hidden\" name=\"referer_title\" value=\"Toda nuestra informaci\u00f3n de Contacto - VENTURA Floristes\" \/>\n\n\t\t\t\t\t\t\t<input type=\"hidden\" name=\"queried_id\" value=\"5153\"\/>\n\t\t\t\n\t\t\t<div class=\"elementor-form-fields-wrapper elementor-labels-\">\n\t\t\t\t\t\t\t\t<div class=\"elementor-field-type-text elementor-field-group elementor-column elementor-field-group-name elementor-col-50\">\n\t\t\t\t\t\t\t\t\t\t\t\t<label for=\"form-field-name\" class=\"elementor-field-label elementor-screen-only\">\n\t\t\t\t\t\t\t\tNombre\t\t\t\t\t\t\t<\/label>\n\t\t\t\t\t\t\t\t\t\t\t\t\t\t<input size=\"1\" type=\"text\" name=\"form_fields[name]\" id=\"form-field-name\" class=\"elementor-field elementor-size-sm  elementor-field-textual\" placeholder=\"Nombre\">\n\t\t\t\t\t\t\t\t\t\t\t<\/div>\n\t\t\t\t\t\t\t\t<div class=\"elementor-field-type-text elementor-field-group elementor-column elementor-field-group-b26ecb6 elementor-col-50 elementor-field-required\">\n\t\t\t\t\t\t\t\t\t\t\t\t<label for=\"form-field-b26ecb6\" class=\"elementor-field-label elementor-screen-only\">\n\t\t\t\t\t\t\t\tTel\u00e9fono\t\t\t\t\t\t\t<\/label>\n\t\t\t\t\t\t\t\t\t\t\t\t\t\t<input size=\"1\" type=\"text\" name=\"form_fields[b26ecb6]\" id=\"form-field-b26ecb6\" class=\"elementor-field elementor-size-sm  elementor-field-textual\" placeholder=\"Tel\u00e9fono\" required=\"required\">\n\t\t\t\t\t\t\t\t\t\t\t<\/div>\n\t\t\t\t\t\t\t\t<div class=\"elementor-field-type-email elementor-field-group elementor-column elementor-field-group-email elementor-col-100 elementor-field-required\">\n\t\t\t\t\t\t\t\t\t\t\t\t<label for=\"form-field-email\" class=\"elementor-field-label elementor-screen-only\">\n\t\t\t\t\t\t\t\tEmail\t\t\t\t\t\t\t<\/label>\n\t\t\t\t\t\t\t\t\t\t\t\t\t\t<input size=\"1\" type=\"email\" name=\"form_fields[email]\" id=\"form-field-email\" class=\"elementor-field elementor-size-sm  elementor-field-textual\" placeholder=\"Email\" required=\"required\">\n\t\t\t\t\t\t\t\t\t\t\t<\/div>\n\t\t\t\t\t\t\t\t<div class=\"elementor-field-type-textarea elementor-field-group elementor-column elementor-field-group-message elementor-col-100\">\n\t\t\t\t\t\t\t\t\t\t\t\t<label for=\"form-field-message\" class=\"elementor-field-label elementor-screen-only\">\n\t\t\t\t\t\t\t\tMensaje\t\t\t\t\t\t\t<\/label>\n\t\t\t\t\t\t<textarea class=\"elementor-field-textual elementor-field  elementor-size-sm\" name=\"form_fields[message]\" id=\"form-field-message\" rows=\"4\" placeholder=\"Mensaje\"><\/textarea>\t\t\t\t<\/div>\n\t\t\t\t\t\t\t\t<div class=\"elementor-field-type-acceptance elementor-field-group elementor-column elementor-field-group-field_3850bbe elementor-col-100 elementor-field-required\">\n\t\t\t\t\t\t\t\t\t\t\t\t<label for=\"form-field-field_3850bbe\" class=\"elementor-field-label elementor-screen-only\">\n\t\t\t\t\t\t\t\tAccepto la pol\u00edtica de privacitat\t\t\t\t\t\t\t<\/label>\n\t\t\t\t\t\t\t\t<div class=\"elementor-field-subgroup\">\n\t\t\t<span class=\"elementor-field-option\">\n\t\t\t\t<input type=\"checkbox\" name=\"form_fields[field_3850bbe]\" id=\"form-field-field_3850bbe\" class=\"elementor-field elementor-size-sm  elementor-acceptance-field\" required=\"required\">\n\t\t\t\t<label for=\"form-field-field_3850bbe\">He le\u00eddo y acepto la <a href=\"https:\/\/venturafloristes.com\/politica-de-privacitat\/\"target=\"_blank\">pol\u00edtica de privacidad<\/a>. Doy mi consentimiento para el tratamiento de mis datos de acuerdo con la legalidad vigente.<\/label>\t\t\t<\/span>\n\t\t<\/div>\n\t\t\t\t\t\t<\/div>\n\t\t\t\t\t\t\t\t<div class=\"elementor-field-type-recaptcha elementor-field-group elementor-column elementor-field-group-field_8cb66ef elementor-col-100\">\n\t\t\t\t\t<div class=\"elementor-field\" id=\"form-field-field_8cb66ef\"><div class=\"elementor-g-recaptcha\" data-sitekey=\"6LfGpZYjAAAAAJK2T76HHCuw5gml8sJoEK5P9K2k\" data-type=\"v2_checkbox\" data-theme=\"light\" data-size=\"normal\"><\/div><\/div>\t\t\t\t<\/div>\n\t\t\t\t\t\t\t\t<div class=\"elementor-field-group elementor-column elementor-field-type-submit elementor-col-100 e-form__buttons\">\n\t\t\t\t\t<button class=\"elementor-button elementor-size-sm\" type=\"submit\">\n\t\t\t\t\t\t<span class=\"elementor-button-content-wrapper\">\n\t\t\t\t\t\t\t\t\t\t\t\t\t\t\t\t\t\t\t\t\t\t<span class=\"elementor-button-text\">Enviar<\/span>\n\t\t\t\t\t\t\t\t\t\t\t\t\t<\/span>\n\t\t\t\t\t<\/button>\n\t\t\t\t<\/div>\n\t\t\t<\/div>\n\t\t<\/form>\n\t\t\t\t\t\t<\/div>\n\t\t\t\t<\/div>\n\t\t\t\t\t<\/div>\n\t\t<\/div>\n\t\t\t\t<div class=\"elementor-column elementor-col-50 elementor-inner-column elementor-element elementor-element-e2bb797\" data-id=\"e2bb797\" data-element_type=\"column\" data-e-type=\"column\">\n\t\t\t<div class=\"elementor-widget-wrap elementor-element-populated\">\n\t\t\t\t\t\t<div class=\"elementor-element elementor-element-ec8c192 elementor-icon-list--layout-traditional elementor-list-item-link-full_width elementor-widget elementor-widget-icon-list\" data-id=\"ec8c192\" data-element_type=\"widget\" data-e-type=\"widget\" data-widget_type=\"icon-list.default\">\n\t\t\t\t<div class=\"elementor-widget-container\">\n\t\t\t\t\t\t\t<ul class=\"elementor-icon-list-items\">\n\t\t\t\t\t\t\t<li class=\"elementor-icon-list-item\">\n\t\t\t\t\t\t\t\t\t\t\t<span class=\"elementor-icon-list-icon\">\n\t\t\t\t\t\t\t<i aria-hidden=\"true\" class=\"fas fa-map-marker-alt\"><\/i>\t\t\t\t\t\t<\/span>\n\t\t\t\t\t\t\t\t\t\t<span class=\"elementor-icon-list-text\"><b>VENTURA floristes<\/b><br>Av. del President Companys, 18<br>08911 - Badalona<\/span>\n\t\t\t\t\t\t\t\t\t<\/li>\n\t\t\t\t\t\t\t\t<li class=\"elementor-icon-list-item\">\n\t\t\t\t\t\t\t\t\t\t\t<a href=\"tel:93%20389%2044%2021\">\n\n\t\t\t\t\t\t\t\t\t\t\t\t<span class=\"elementor-icon-list-icon\">\n\t\t\t\t\t\t\t<i aria-hidden=\"true\" class=\"fas fa-phone\"><\/i>\t\t\t\t\t\t<\/span>\n\t\t\t\t\t\t\t\t\t\t<span class=\"elementor-icon-list-text\">93 389 44 21<\/span>\n\t\t\t\t\t\t\t\t\t\t\t<\/a>\n\t\t\t\t\t\t\t\t\t<\/li>\n\t\t\t\t\t\t\t\t<li class=\"elementor-icon-list-item\">\n\t\t\t\t\t\t\t\t\t\t\t<a href=\"mailto:%20info@venturafloristes.com%20\">\n\n\t\t\t\t\t\t\t\t\t\t\t\t<span class=\"elementor-icon-list-icon\">\n\t\t\t\t\t\t\t<i aria-hidden=\"true\" class=\"far fa-envelope-open\"><\/i>\t\t\t\t\t\t<\/span>\n\t\t\t\t\t\t\t\t\t\t<span class=\"elementor-icon-list-text\">info@venturafloristes.com <\/span>\n\t\t\t\t\t\t\t\t\t\t\t<\/a>\n\t\t\t\t\t\t\t\t\t<\/li>\n\t\t\t\t\t\t<\/ul>\n\t\t\t\t\t\t<\/div>\n\t\t\t\t<\/div>\n\t\t\t\t\t<\/div>\n\t\t<\/div>\n\t\t\t\t\t<\/div>\n\t\t<\/section>\n\t\t\t\t\t<\/div>\n\t\t<\/div>\n\t\t\t\t\t<\/div>\n\t\t<\/section>\n\t\t\t\t<\/div>\n\t\t","protected":false},"excerpt":{"rendered":"<p>Contacta con nosotros VENTURA floristesAv. del President Companys, 1808911 &#8211; Badalona 93 389 44 21 info@venturafloristes.com<\/p>\n","protected":false},"author":1,"featured_media":0,"parent":0,"menu_order":0,"comment_status":"closed","ping_status":"closed","template":"elementor_header_footer","meta":{"_joinchat":[],"footnotes":""},"class_list":["post-5153","page","type-page","status-publish","hentry"],"yoast_head":"<!-- This site is optimized with the Yoast SEO plugin v27.2 - https:\/\/yoast.com\/product\/yoast-seo-wordpress\/ -->\n<title>Toda nuestra informaci\u00f3n de Contacto - VENTURA Floristes<\/title>\n<meta name=\"description\" content=\"Quieres contactar con VENTURA Floristes? Aqu\u00ed encontrar\u00e1s nuestra direcci\u00f3n, mail y tel\u00e9fonos. Accede a toda la informaci\u00f3n.\" \/>\n<meta name=\"robots\" content=\"index, follow, max-snippet:-1, max-image-preview:large, max-video-preview:-1\" \/>\n<link rel=\"canonical\" href=\"https:\/\/venturafloristes.com\/es\/contacto\/\" \/>\n<meta property=\"og:locale\" content=\"es_ES\" \/>\n<meta property=\"og:type\" content=\"article\" \/>\n<meta property=\"og:title\" content=\"Toda nuestra informaci\u00f3n de Contacto - VENTURA Floristes\" \/>\n<meta property=\"og:description\" content=\"Quieres contactar con VENTURA Floristes? Aqu\u00ed encontrar\u00e1s nuestra direcci\u00f3n, mail y tel\u00e9fonos. Accede a toda la informaci\u00f3n.\" \/>\n<meta property=\"og:url\" content=\"https:\/\/venturafloristes.com\/es\/contacto\/\" \/>\n<meta property=\"og:site_name\" content=\"VENTURA Floristes\" \/>\n<meta property=\"article:publisher\" content=\"https:\/\/www.facebook.com\/venturafloristes\" \/>\n<meta property=\"article:modified_time\" content=\"2023-01-31T12:24:44+00:00\" \/>\n<meta name=\"twitter:card\" content=\"summary_large_image\" \/>\n<meta name=\"twitter:label1\" content=\"Tiempo de lectura\" \/>\n\t<meta name=\"twitter:data1\" content=\"1 minuto\" \/>\n<script type=\"application\/ld+json\" class=\"yoast-schema-graph\">{\"@context\":\"https:\/\/schema.org\",\"@graph\":[{\"@type\":\"WebPage\",\"@id\":\"https:\/\/venturafloristes.com\/es\/contacto\/\",\"url\":\"https:\/\/venturafloristes.com\/es\/contacto\/\",\"name\":\"Toda nuestra informaci\u00f3n de Contacto - VENTURA Floristes\",\"isPartOf\":{\"@id\":\"https:\/\/venturafloristes.com\/es\/#website\"},\"datePublished\":\"2020-09-09T10:19:45+00:00\",\"dateModified\":\"2023-01-31T12:24:44+00:00\",\"description\":\"Quieres contactar con VENTURA Floristes? Aqu\u00ed encontrar\u00e1s nuestra direcci\u00f3n, mail y tel\u00e9fonos. Accede a toda la informaci\u00f3n.\",\"breadcrumb\":{\"@id\":\"https:\/\/venturafloristes.com\/es\/contacto\/#breadcrumb\"},\"inLanguage\":\"es\",\"potentialAction\":[{\"@type\":\"ReadAction\",\"target\":[\"https:\/\/venturafloristes.com\/es\/contacto\/\"]}]},{\"@type\":\"BreadcrumbList\",\"@id\":\"https:\/\/venturafloristes.com\/es\/contacto\/#breadcrumb\",\"itemListElement\":[{\"@type\":\"ListItem\",\"position\":1,\"name\":\"Portada\",\"item\":\"https:\/\/venturafloristes.com\/es\/\"},{\"@type\":\"ListItem\",\"position\":2,\"name\":\"Contacto\"}]},{\"@type\":\"WebSite\",\"@id\":\"https:\/\/venturafloristes.com\/es\/#website\",\"url\":\"https:\/\/venturafloristes.com\/es\/\",\"name\":\"VENTURA Floristes\",\"description\":\"Floristeria, jardineria i horticultura\",\"publisher\":{\"@id\":\"https:\/\/venturafloristes.com\/es\/#organization\"},\"potentialAction\":[{\"@type\":\"SearchAction\",\"target\":{\"@type\":\"EntryPoint\",\"urlTemplate\":\"https:\/\/venturafloristes.com\/es\/?s={search_term_string}\"},\"query-input\":{\"@type\":\"PropertyValueSpecification\",\"valueRequired\":true,\"valueName\":\"search_term_string\"}}],\"inLanguage\":\"es\"},{\"@type\":\"Organization\",\"@id\":\"https:\/\/venturafloristes.com\/es\/#organization\",\"name\":\"Ventura Floristes\",\"url\":\"https:\/\/venturafloristes.com\/es\/\",\"logo\":{\"@type\":\"ImageObject\",\"inLanguage\":\"es\",\"@id\":\"https:\/\/venturafloristes.com\/es\/#\/schema\/logo\/image\/\",\"url\":\"https:\/\/venturafloristes.com\/wp-content\/uploads\/2019\/07\/Logo-horizontal.png\",\"contentUrl\":\"https:\/\/venturafloristes.com\/wp-content\/uploads\/2019\/07\/Logo-horizontal.png\",\"width\":900,\"height\":245,\"caption\":\"Ventura Floristes\"},\"image\":{\"@id\":\"https:\/\/venturafloristes.com\/es\/#\/schema\/logo\/image\/\"},\"sameAs\":[\"https:\/\/www.facebook.com\/venturafloristes\",\"https:\/\/www.instagram.com\/venturafloristes\"]}]}<\/script>\n<!-- \/ Yoast SEO plugin. -->","yoast_head_json":{"title":"Toda nuestra informaci\u00f3n de Contacto - VENTURA Floristes","description":"Quieres contactar con VENTURA Floristes? Aqu\u00ed encontrar\u00e1s nuestra direcci\u00f3n, mail y tel\u00e9fonos. Accede a toda la informaci\u00f3n.","robots":{"index":"index","follow":"follow","max-snippet":"max-snippet:-1","max-image-preview":"max-image-preview:large","max-video-preview":"max-video-preview:-1"},"canonical":"https:\/\/venturafloristes.com\/es\/contacto\/","og_locale":"es_ES","og_type":"article","og_title":"Toda nuestra informaci\u00f3n de Contacto - VENTURA Floristes","og_description":"Quieres contactar con VENTURA Floristes? Aqu\u00ed encontrar\u00e1s nuestra direcci\u00f3n, mail y tel\u00e9fonos. Accede a toda la informaci\u00f3n.","og_url":"https:\/\/venturafloristes.com\/es\/contacto\/","og_site_name":"VENTURA Floristes","article_publisher":"https:\/\/www.facebook.com\/venturafloristes","article_modified_time":"2023-01-31T12:24:44+00:00","twitter_card":"summary_large_image","twitter_misc":{"Tiempo de lectura":"1 minuto"},"schema":{"@context":"https:\/\/schema.org","@graph":[{"@type":"WebPage","@id":"https:\/\/venturafloristes.com\/es\/contacto\/","url":"https:\/\/venturafloristes.com\/es\/contacto\/","name":"Toda nuestra informaci\u00f3n de Contacto - VENTURA Floristes","isPartOf":{"@id":"https:\/\/venturafloristes.com\/es\/#website"},"datePublished":"2020-09-09T10:19:45+00:00","dateModified":"2023-01-31T12:24:44+00:00","description":"Quieres contactar con VENTURA Floristes? Aqu\u00ed encontrar\u00e1s nuestra direcci\u00f3n, mail y tel\u00e9fonos. Accede a toda la informaci\u00f3n.","breadcrumb":{"@id":"https:\/\/venturafloristes.com\/es\/contacto\/#breadcrumb"},"inLanguage":"es","potentialAction":[{"@type":"ReadAction","target":["https:\/\/venturafloristes.com\/es\/contacto\/"]}]},{"@type":"BreadcrumbList","@id":"https:\/\/venturafloristes.com\/es\/contacto\/#breadcrumb","itemListElement":[{"@type":"ListItem","position":1,"name":"Portada","item":"https:\/\/venturafloristes.com\/es\/"},{"@type":"ListItem","position":2,"name":"Contacto"}]},{"@type":"WebSite","@id":"https:\/\/venturafloristes.com\/es\/#website","url":"https:\/\/venturafloristes.com\/es\/","name":"VENTURA Floristes","description":"Floristeria, jardineria i horticultura","publisher":{"@id":"https:\/\/venturafloristes.com\/es\/#organization"},"potentialAction":[{"@type":"SearchAction","target":{"@type":"EntryPoint","urlTemplate":"https:\/\/venturafloristes.com\/es\/?s={search_term_string}"},"query-input":{"@type":"PropertyValueSpecification","valueRequired":true,"valueName":"search_term_string"}}],"inLanguage":"es"},{"@type":"Organization","@id":"https:\/\/venturafloristes.com\/es\/#organization","name":"Ventura Floristes","url":"https:\/\/venturafloristes.com\/es\/","logo":{"@type":"ImageObject","inLanguage":"es","@id":"https:\/\/venturafloristes.com\/es\/#\/schema\/logo\/image\/","url":"https:\/\/venturafloristes.com\/wp-content\/uploads\/2019\/07\/Logo-horizontal.png","contentUrl":"https:\/\/venturafloristes.com\/wp-content\/uploads\/2019\/07\/Logo-horizontal.png","width":900,"height":245,"caption":"Ventura Floristes"},"image":{"@id":"https:\/\/venturafloristes.com\/es\/#\/schema\/logo\/image\/"},"sameAs":["https:\/\/www.facebook.com\/venturafloristes","https:\/\/www.instagram.com\/venturafloristes"]}]}},"_links":{"self":[{"href":"https:\/\/venturafloristes.com\/es\/wp-json\/wp\/v2\/pages\/5153","targetHints":{"allow":["GET"]}}],"collection":[{"href":"https:\/\/venturafloristes.com\/es\/wp-json\/wp\/v2\/pages"}],"about":[{"href":"https:\/\/venturafloristes.com\/es\/wp-json\/wp\/v2\/types\/page"}],"author":[{"embeddable":true,"href":"https:\/\/venturafloristes.com\/es\/wp-json\/wp\/v2\/users\/1"}],"replies":[{"embeddable":true,"href":"https:\/\/venturafloristes.com\/es\/wp-json\/wp\/v2\/comments?post=5153"}],"version-history":[{"count":19,"href":"https:\/\/venturafloristes.com\/es\/wp-json\/wp\/v2\/pages\/5153\/revisions"}],"predecessor-version":[{"id":11471,"href":"https:\/\/venturafloristes.com\/es\/wp-json\/wp\/v2\/pages\/5153\/revisions\/11471"}],"wp:attachment":[{"href":"https:\/\/venturafloristes.com\/es\/wp-json\/wp\/v2\/media?parent=5153"}],"curies":[{"name":"wp","href":"https:\/\/api.w.org\/{rel}","templated":true}]}}